{"id":54,"date":"2015-01-21T19:52:46","date_gmt":"2015-01-21T18:52:46","guid":{"rendered":"http:\/\/slonecznedomki24.pl\/?page_id=54"},"modified":"2024-01-09T11:12:54","modified_gmt":"2024-01-09T10:12:54","slug":"strona-glowna","status":"publish","type":"page","link":"https:\/\/slonecznedomki24.pl\/","title":{"rendered":"Strona g\u0142\u00f3wna"},"content":{"rendered":"<h3 style=\"text-align: center;\">\u00a0<\/h3>\n<h3>\u00a0 \u00a0 \u00a0 \u00a0\u00a0 <a href=\"http:\/\/slonecznedomki24.pl\/wp-content\/uploads\/2020\/01\/15.jpg\"><img decoding=\"async\" loading=\"lazy\" class=\"alignnone size-medium wp-image-506\" src=\"http:\/\/slonecznedomki24.pl\/wp-content\/uploads\/2020\/01\/15-300x225.jpg\" alt=\"\" width=\"300\" height=\"225\" srcset=\"https:\/\/slonecznedomki24.pl\/wp-content\/uploads\/2020\/01\/15-300x225.jpg 300w, https:\/\/slonecznedomki24.pl\/wp-content\/uploads\/2020\/01\/15-768x576.jpg 768w, https:\/\/slonecznedomki24.pl\/wp-content\/uploads\/2020\/01\/15-1024x768.jpg 1024w, https:\/\/slonecznedomki24.pl\/wp-content\/uploads\/2020\/01\/15.jpg 1066w\" sizes=\"(max-width: 300px) 100vw, 300px\" \/><\/a> \u00a0 \u00a0 \u00a0 \u00a0 \u00a0 \u00a0 \u00a0 \u00a0 \u00a0 \u00a0<a href=\"http:\/\/slonecznedomki24.pl\/wp-content\/uploads\/2020\/01\/10.jpg\"><img decoding=\"async\" loading=\"lazy\" class=\"alignnone size-medium wp-image-501\" src=\"http:\/\/slonecznedomki24.pl\/wp-content\/uploads\/2020\/01\/10-300x225.jpg\" alt=\"\" width=\"300\" height=\"225\" srcset=\"https:\/\/slonecznedomki24.pl\/wp-content\/uploads\/2020\/01\/10-300x225.jpg 300w, https:\/\/slonecznedomki24.pl\/wp-content\/uploads\/2020\/01\/10-768x576.jpg 768w, https:\/\/slonecznedomki24.pl\/wp-content\/uploads\/2020\/01\/10-1024x768.jpg 1024w, https:\/\/slonecznedomki24.pl\/wp-content\/uploads\/2020\/01\/10.jpg 1066w\" sizes=\"(max-width: 300px) 100vw, 300px\" \/><\/a><\/h3>\n<h3><span style=\"color: #333399;\">\u00a0 \u00a0 \u00a0 \u00a0 \u00a0 \u00a0 \u00a0\u00a0 Serdecznie witamy i zapraszamy na wakacje nad morzem do drewnianych i dobrze wyposa\u017conych domk\u00f3w 4 i 6 osobowych!<\/span><\/h3>\n<h3 style=\"text-align: center;\"><span style=\"color: #333399;\">S\u0142oneczne domki po\u0142o\u017cone s\u0105 w Sarbinowie w odleg\u0142o\u015bci 220 m od piaszczystej pla\u017cy i 250 m od centrum miejscowo\u015bci.<\/span><br \/><span style=\"color: #333399;\"> Ka\u017cdy z domk\u00f3w jest ocieplony, posiada taras z meblami ogrodowymi oraz widok na plac zabaw.\u00a0<\/span><\/h3>\n<h3 style=\"text-align: center;\"><span style=\"color: #333399;\">Posiadamy r\u00f3wnie\u017c bezp\u0142atny ogrodzony parking, dobrze wyposa\u017cony plac zabaw dla dzieci oraz internet wi-fi.<\/span><br \/><span style=\"color: #333399;\"> Blisko znajduje si\u0119 sto\u0142\u00f3wka i sklep spo\u017cywczy. Wej\u015bcie na pla\u017ce jest wybrukowane i \u0142agodne, dostosowane dla rodzin z ma\u0142ymi dzie\u0107mi.<\/span><\/h3>\n<h3 style=\"text-align: center;\"><span style=\"color: #333399;\">Wszyscy znajd\u0105 tu cisz\u0119, spok\u00f3j i mn\u00f3stwo \u015bwie\u017cego powietrza dlatego to idealne miejsce dla rodzin z dzie\u0107mi!<\/span><\/h3>\n<p>\u00a0<\/p>\n<p style=\"text-align: center;\">\u00a0<\/p>\n\n\n<figure class=\"wp-block-gallery has-nested-images columns-default is-cropped wp-block-gallery-1 is-layout-flex\">\n<figure class=\"wp-block-image size-large\"><a href=\"https:\/\/slonecznedomki24.pl\/wp-content\/uploads\/2024\/01\/plac-zabaw.jpg\"><img decoding=\"async\" loading=\"lazy\" width=\"1024\" height=\"768\" data-id=\"645\"  src=\"https:\/\/slonecznedomki24.pl\/wp-content\/uploads\/2024\/01\/plac-zabaw-1024x768.jpg\" alt=\"\" class=\"wp-image-645\" srcset=\"https:\/\/slonecznedomki24.pl\/wp-content\/uploads\/2024\/01\/plac-zabaw-1024x768.jpg 1024w, https:\/\/slonecznedomki24.pl\/wp-content\/uploads\/2024\/01\/plac-zabaw-300x225.jpg 300w, https:\/\/slonecznedomki24.pl\/wp-content\/uploads\/2024\/01\/plac-zabaw-768x576.jpg 768w, https:\/\/slonecznedomki24.pl\/wp-content\/uploads\/2024\/01\/plac-zabaw-1536x1152.jpg 1536w, https:\/\/slonecznedomki24.pl\/wp-content\/uploads\/2024\/01\/plac-zabaw.jpg 2048w\" sizes=\"(max-width: 1024px) 100vw, 1024px\" \/><\/a><\/figure>\n<\/figure>\n","protected":false},"excerpt":{"rendered":"<p>\u00a0 \u00a0 \u00a0 \u00a0 \u00a0\u00a0 \u00a0 \u00a0 \u00a0 \u00a0 \u00a0 \u00a0 \u00a0 \u00a0 \u00a0 \u00a0 \u00a0 \u00a0 \u00a0 \u00a0 \u00a0 \u00a0 \u00a0\u00a0 Serdecznie witamy i zapraszamy na wakacje nad morzem do drewnianych i dobrze wyposa\u017conych domk\u00f3w 4 i 6 osobowych! S\u0142oneczne domki po\u0142o\u017cone s\u0105 w Sarbinowie w odleg\u0142o\u015bci 220 m od piaszczystej pla\u017cy i 250 [&hellip;]<\/p>\n","protected":false},"author":1,"featured_media":0,"parent":0,"menu_order":0,"comment_status":"closed","ping_status":"closed","template":"","meta":[],"_links":{"self":[{"href":"https:\/\/slonecznedomki24.pl\/index.php?rest_route=\/wp\/v2\/pages\/54"}],"collection":[{"href":"https:\/\/slonecznedomki24.pl\/index.php?rest_route=\/wp\/v2\/pages"}],"about":[{"href":"https:\/\/slonecznedomki24.pl\/index.php?rest_route=\/wp\/v2\/types\/page"}],"author":[{"embeddable":true,"href":"https:\/\/slonecznedomki24.pl\/index.php?rest_route=\/wp\/v2\/users\/1"}],"replies":[{"embeddable":true,"href":"https:\/\/slonecznedomki24.pl\/index.php?rest_route=%2Fwp%2Fv2%2Fcomments&post=54"}],"version-history":[{"count":33,"href":"https:\/\/slonecznedomki24.pl\/index.php?rest_route=\/wp\/v2\/pages\/54\/revisions"}],"predecessor-version":[{"id":649,"href":"https:\/\/slonecznedomki24.pl\/index.php?rest_route=\/wp\/v2\/pages\/54\/revisions\/649"}],"wp:attachment":[{"href":"https:\/\/slonecznedomki24.pl\/index.php?rest_route=%2Fwp%2Fv2%2Fmedia&parent=54"}],"curies":[{"name":"wp","href":"https:\/\/api.w.org\/{rel}","templated":true}]}}